{"id":25789,"date":"2023-01-23T00:02:19","date_gmt":"2023-01-22T23:02:19","guid":{"rendered":"https:\/\/escolanauticabaixemporda.com\/aula-nautica\/app\/"},"modified":"2023-01-23T00:02:19","modified_gmt":"2023-01-22T23:02:19","slug":"app","status":"publish","type":"page","link":"https:\/\/escolanauticabaixemporda.com\/aula-nautica\/app\/","title":{"rendered":"App"},"content":{"rendered":"<p><span class=\"vibebp-login\" type=\"static\">Login<\/span><div id=\"vibebp_member\"><\/div><\/p>\n","protected":false},"excerpt":{"rendered":"","protected":false},"author":1,"featured_media":0,"parent":0,"menu_order":0,"comment_status":"closed","ping_status":"closed","template":"barebones.php","meta":{"_bbp_topic_count":0,"_bbp_reply_count":0,"_bbp_total_topic_count":0,"_bbp_total_reply_count":0,"_bbp_voice_count":0,"_bbp_anonymous_reply_count":0,"_bbp_topic_count_hidden":0,"_bbp_reply_count_hidden":0,"_bbp_forum_subforum_count":0,"_vibebp_attr":"","_vibebp_dimensions":"","_vibebp_responsive_height":"","_vibebp_accordion_ie_support":"","_monsterinsights_skip_tracking":false,"_monsterinsights_sitenote_active":false,"_monsterinsights_sitenote_note":"","_monsterinsights_sitenote_category":0},"yoast_head":"<!-- This site is optimized with the Yoast SEO plugin v19.14 - https:\/\/yoast.com\/wordpress\/plugins\/seo\/ -->\n<title>App<\/title>\n<meta name=\"robots\" content=\"noindex, follow\" \/>\n<meta property=\"og:locale\" content=\"es_ES\" \/>\n<meta property=\"og:type\" content=\"article\" \/>\n<meta property=\"og:title\" content=\"App\" \/>\n<meta property=\"og:url\" content=\"https:\/\/escolanauticabaixemporda.com\/aula-nautica\/app\/\" \/>\n<meta property=\"og:site_name\" content=\"Aula Nautica de l&#039;Escola N\u00e0utica Baix Empord\u00e0\" \/>\n<meta name=\"twitter:card\" content=\"summary_large_image\" \/>\n<script type=\"application\/ld+json\" class=\"yoast-schema-graph\">{\"@context\":\"https:\/\/schema.org\",\"@graph\":[{\"@type\":\"WebPage\",\"@id\":\"https:\/\/escolanauticabaixemporda.com\/aula-nautica\/app\/\",\"url\":\"https:\/\/escolanauticabaixemporda.com\/aula-nautica\/app\/\",\"name\":\"App\",\"isPartOf\":{\"@id\":\"https:\/\/escolanauticabaixemporda.com\/aula-nautica\/#website\"},\"datePublished\":\"2023-01-22T23:02:19+00:00\",\"dateModified\":\"2023-01-22T23:02:19+00:00\",\"breadcrumb\":{\"@id\":\"https:\/\/escolanauticabaixemporda.com\/aula-nautica\/app\/#breadcrumb\"},\"inLanguage\":\"es\",\"potentialAction\":[{\"@type\":\"ReadAction\",\"target\":[\"https:\/\/escolanauticabaixemporda.com\/aula-nautica\/app\/\"]}]},{\"@type\":\"BreadcrumbList\",\"@id\":\"https:\/\/escolanauticabaixemporda.com\/aula-nautica\/app\/#breadcrumb\",\"itemListElement\":[{\"@type\":\"ListItem\",\"position\":1,\"name\":\"Portada\",\"item\":\"https:\/\/escolanauticabaixemporda.com\/aula-nautica\/\"},{\"@type\":\"ListItem\",\"position\":2,\"name\":\"App\"}]},{\"@type\":\"WebSite\",\"@id\":\"https:\/\/escolanauticabaixemporda.com\/aula-nautica\/#website\",\"url\":\"https:\/\/escolanauticabaixemporda.com\/aula-nautica\/\",\"name\":\"Aula Nautica de l&#039;Escola N\u00e0utica Baix Empord\u00e0\",\"description\":\"Cursos de N\u00e1utica de Recreo y Profesionales\",\"potentialAction\":[{\"@type\":\"SearchAction\",\"target\":{\"@type\":\"EntryPoint\",\"urlTemplate\":\"https:\/\/escolanauticabaixemporda.com\/aula-nautica\/?s={search_term_string}\"},\"query-input\":\"required name=search_term_string\"}],\"inLanguage\":\"es\"}]}<\/script>\n<!-- \/ Yoast SEO plugin. -->","yoast_head_json":{"title":"App","robots":{"index":"noindex","follow":"follow"},"og_locale":"es_ES","og_type":"article","og_title":"App","og_url":"https:\/\/escolanauticabaixemporda.com\/aula-nautica\/app\/","og_site_name":"Aula Nautica de l&#039;Escola N\u00e0utica Baix Empord\u00e0","twitter_card":"summary_large_image","schema":{"@context":"https:\/\/schema.org","@graph":[{"@type":"WebPage","@id":"https:\/\/escolanauticabaixemporda.com\/aula-nautica\/app\/","url":"https:\/\/escolanauticabaixemporda.com\/aula-nautica\/app\/","name":"App","isPartOf":{"@id":"https:\/\/escolanauticabaixemporda.com\/aula-nautica\/#website"},"datePublished":"2023-01-22T23:02:19+00:00","dateModified":"2023-01-22T23:02:19+00:00","breadcrumb":{"@id":"https:\/\/escolanauticabaixemporda.com\/aula-nautica\/app\/#breadcrumb"},"inLanguage":"es","potentialAction":[{"@type":"ReadAction","target":["https:\/\/escolanauticabaixemporda.com\/aula-nautica\/app\/"]}]},{"@type":"BreadcrumbList","@id":"https:\/\/escolanauticabaixemporda.com\/aula-nautica\/app\/#breadcrumb","itemListElement":[{"@type":"ListItem","position":1,"name":"Portada","item":"https:\/\/escolanauticabaixemporda.com\/aula-nautica\/"},{"@type":"ListItem","position":2,"name":"App"}]},{"@type":"WebSite","@id":"https:\/\/escolanauticabaixemporda.com\/aula-nautica\/#website","url":"https:\/\/escolanauticabaixemporda.com\/aula-nautica\/","name":"Aula Nautica de l&#039;Escola N\u00e0utica Baix Empord\u00e0","description":"Cursos de N\u00e1utica de Recreo y Profesionales","potentialAction":[{"@type":"SearchAction","target":{"@type":"EntryPoint","urlTemplate":"https:\/\/escolanauticabaixemporda.com\/aula-nautica\/?s={search_term_string}"},"query-input":"required name=search_term_string"}],"inLanguage":"es"}]}},"_links":{"self":[{"href":"https:\/\/escolanauticabaixemporda.com\/aula-nautica\/wp-json\/wp\/v2\/pages\/25789"}],"collection":[{"href":"https:\/\/escolanauticabaixemporda.com\/aula-nautica\/wp-json\/wp\/v2\/pages"}],"about":[{"href":"https:\/\/escolanauticabaixemporda.com\/aula-nautica\/wp-json\/wp\/v2\/types\/page"}],"author":[{"embeddable":true,"href":"https:\/\/escolanauticabaixemporda.com\/aula-nautica\/wp-json\/wp\/v2\/users\/1"}],"replies":[{"embeddable":true,"href":"https:\/\/escolanauticabaixemporda.com\/aula-nautica\/wp-json\/wp\/v2\/comments?post=25789"}],"version-history":[{"count":0,"href":"https:\/\/escolanauticabaixemporda.com\/aula-nautica\/wp-json\/wp\/v2\/pages\/25789\/revisions"}],"wp:attachment":[{"href":"https:\/\/escolanauticabaixemporda.com\/aula-nautica\/wp-json\/wp\/v2\/media?parent=25789"}],"curies":[{"name":"wp","href":"https:\/\/api.w.org\/{rel}","templated":true}]}}