{"id":3,"date":"2019-01-08T16:44:56","date_gmt":"2019-01-08T14:44:56","guid":{"rendered":"http:\/\/www.nautaemporda.com\/aula-nautica\/?page_id=3"},"modified":"2019-03-16T13:27:54","modified_gmt":"2019-03-16T12:27:54","slug":"politica-de-privacidad","status":"publish","type":"page","link":"https:\/\/escolanauticabaixemporda.com\/aula-nautica\/politica-de-privacidad\/","title":{"rendered":"Aviso Legal y Pol\u00edtica de Cookies"},"content":{"rendered":"\r\n<h2><strong>Aviso Legal<\/strong><\/h2>\r\n\r\n\r\n\r\n<p>En cumplimiento de la Ley 34\/2002, de 11 de julio, de Servicios de la Sociedad de la Informaci\u00f3n y de Comercio electr\u00f3nico, se informa al usuario que el titular de la p\u00e1gina web www.escolanauticabaixemporda.com es de NAUTAEMPORD\u00c0 2009, S.L (en adelante, ENBE), y sus datos de identificaci\u00f3n son los siguientes:<\/p>\r\n\r\n\r\n\r\n<p>Domicilio social al: Av. Josep Pla, 42 bjs.<\/p>\r\n\r\n\r\n\r\n<p>CP: 17200 \u00a0\u00a0 Poblaci\u00f3n: Palafrugell \u00a0\u00a0\u00a0\u00a0\u00a0\u00a0\u00a0\u00a0Provincia:Girona<\/p>\r\n\r\n\r\n\r\n<p>CIF: B55283915<\/p>\r\n\r\n\r\n\r\n<p>Email: admin@escolanauticabaixemporda.com<\/p>\r\n\r\n\r\n\r\n<ol>\r\n<li><strong> Acceder a la p\u00e1gina web:<\/strong><\/li>\r\n<\/ol>\r\n\r\n\r\n\r\n<p>El Aviso Legal regula el acceso y uso de los usuarios de la p\u00e1gina web y tiene por objetivo dar a conocer los servicios y productos de la entidad y permitir el acceso general de todos los usuarios de Internet. El acceso y\/o uso de la web atribuye a quien lo realiza la condici\u00f3n de usuario y la aceptaci\u00f3n, sin reservas de ninguna clase, de todas y cada una de las presentes condiciones generales, as\u00ed como de aquellas otras particulares que, en su caso, rijan la utilizaci\u00f3n del portal o de los servicios vinculados al mismo.<\/p>\r\n\r\n\r\n\r\n<p>El usuario debe leer atentamente el Aviso Legal y las Pol\u00edticas de Privacidad y de Cookies cuando se proponga utilizar la p\u00e1gina web, ya que ENBE se reserva la facultad de realizar, en cualquier momento y sin necesidad de preaviso, cualquier modificaci\u00f3n o actualizaci\u00f3n de los contenidos y servicios, de las presentes disposiciones de acceso y uso y, en general, de cuantos elementos integren el dise\u00f1o y configuraci\u00f3n de su Web. Si no acepta las condiciones de acceso y uso, le rogamos abstenga de utilizar la web y su contenido.<\/p>\r\n\r\n\r\n\r\n<ol>\r\n<li><strong> Utilizaci\u00f3n de la p\u00e1gina web:<\/strong><\/li>\r\n<\/ol>\r\n\r\n\r\n\r\n<p>El usuario se compromete a hacer un uso diligente de la p\u00e1gina web, as\u00ed como de la informaci\u00f3n relativa a sus servicios y\/o actividades, con total sujeci\u00f3n tanto a la normativa aplicable, as\u00ed como con la moral y las buenas costumbres generalmente aceptadas y el orden p\u00fablico, las condiciones de acceso y uso y cualesquiera otras condiciones establecidas en la P\u00e1gina Web. Adem\u00e1s, se compromete a abstenerse de utilizar cualquiera de los contenidos con fines o efectos il\u00edcitos, prohibidos en el presente texto, lesivos de los derechos e intereses de terceros, o que de cualquier forma puedan da\u00f1ar, inutilizar, sobrecargar, deteriorar o impedir la normal utilizaci\u00f3n de los contenidos, de otros usuarios o de cualquier usuario de Internet (hardware y software).<\/p>\r\n\r\n\r\n\r\n<ol>\r\n<li><strong> Funcionamiento de la p\u00e1gina web:<\/strong><\/li>\r\n<\/ol>\r\n\r\n\r\n\r\n<p>En caso de incumplimiento de las condiciones del Aviso Legal, o las Pol\u00edticas de Privacidad y Cookies, ENBE se reserva el derecho a limitar, suspender y\/o excluir el acceso a su p\u00e1gina Web, adoptando cualquier medida t\u00e9cnica necesaria a su respecto. ENBE har\u00e1 lo posible para mantener la p\u00e1gina web en buen funcionamiento, evitando errores, o bien repar\u00e1ndolos y manteniendo los contenidos actualizados Ahora bien, ENBE no garantiza la disponibilidad y continuidad en el acceso a la p\u00e1gina web ni la inexistencia de errores en el contenido<\/p>\r\n\r\n\r\n\r\n<p>.<\/p>\r\n\r\n\r\n\r\n<ol>\r\n<li><strong> Responsabilidad<\/strong><\/li>\r\n<\/ol>\r\n\r\n\r\n\r\n<p>El usuario es el \u00fanico responsable del uso que pueda hacerse de cualquier informaci\u00f3n o mecanismo de la p\u00e1gina web. ENBE no se har\u00e1 responsable de ning\u00fan da\u00f1o en el hardware y\/o software del usuario que se derive del acceso y uso de la p\u00e1gina web. Asimismo, tampoco se responsabilizar\u00e1 de estos da\u00f1os y\/o perjuicios que se puedan ocasionar por el acceso y\/o uso de la informaci\u00f3n de la p\u00e1gina web, y en concreto los que se puedan producir en sistemas inform\u00e1ticos o los provocados por virus o ataques inform\u00e1ticos, ca\u00eddas, interrupciones, ausencia o defecto en las comunicaciones y\/o Internet. El usuario ser\u00e1 responsable de los da\u00f1os y\/o perjuicios que ENBE pueda sufrir como consecuencia del incumplimiento de cualquiera de los obligaciones a las que queda sometido a trav\u00e9s del presente Aviso Legal, la normativa aplicable y Pol\u00edtica de Privacidad y de Cookies.<\/p>\r\n\r\n\r\n\r\n<ol>\r\n<li><strong> Pol\u00edtica en materia de \u201clinks\u201d (web enlazante y web enlazada)<\/strong><\/li>\r\n<li><em>a) Web enlazante:<\/em><\/li>\r\n<\/ol>\r\n\r\n\r\n\r\n<p>Los terceros que tengan la intenci\u00f3n de incluir en una p\u00e1gina web un enlace de la presente p\u00e1gina web deber\u00e1n cumplir con la legislaci\u00f3n vigente y no podr\u00e1n alojar contenidos que sean inapropiados, il\u00edcitos, pornogr\u00e1ficos, violentos, etc. En ning\u00fan caso ENBE se hace responsable del contenido de la p\u00e1gina web, ni promueve, garantiza, supervisa ni recomienda los contenidos de esta. Si la web enlazante incumple alguno de los aspectos anteriores estar\u00e1 obligado a suprimir el enlace de forma inmediata.<\/p>\r\n\r\n\r\n\r\n<ol>\r\n<li><em>b) Web enlazada:<\/em><\/li>\r\n<\/ol>\r\n\r\n\r\n\r\n<p>En esta p\u00e1gina web se pueden incluir enlaces de p\u00e1ginas web de terceros que permitan al Usuario acceder. No obstante, ENBE no se hace responsable del contenido de estas p\u00e1ginas web enlazadas, sino que ser\u00e1 el usuario el encargado de aceptar y comprobar los accesos cada vez que acceda. Tales enlaces o menciones tienen una finalidad que no implican el apoyo, aprobaci\u00f3n, comercializaci\u00f3n o relaci\u00f3n alguna entre la p\u00e1gina y las personas o entidades titulares de los lugares donde se encuentren.<\/p>\r\n\r\n\r\n\r\n<ol>\r\n<li><strong> Propiedad intelectual y industrial sobre los contenidos<\/strong><\/li>\r\n<\/ol>\r\n\r\n\r\n\r\n<p>ENBE o sus licenciantes, son titulares de todos los derechos de propiedad intelectual sobre los Contenidos de la P\u00e1gina Web, entendiendo como tal todos los dise\u00f1os, bases de datos, programas de computadoras subyacentes (c\u00f3digo fuente, incluido), as\u00ed como los diferentes elementos que integran la P\u00e1gina Web (textos, gr\u00e1ficos, fotograf\u00edas, v\u00eddeos, colores, etc.), estructura, orden, etc. En relaci\u00f3n a las marcas y nombres comerciales ( \u201csignos distintivos\u201d) son titularidad de ENBE o los licenciantes.<\/p>\r\n\r\n\r\n\r\n<p>El uso de la P\u00e1gina Web por parte del Usuario no supone la cesi\u00f3n de ning\u00fan derecho de propiedad intelectual ni industrial. El Usuario tiene totalmente prohibido reproducir, copiar, distribuir, poner a disposici\u00f3n o de cualquier otra forma de comunicar p\u00fablicamente, transformar o modificar los Contenidos o los Signos distintivos, salvo que se cuente con la autorizaci\u00f3n del titular de los correspondientes derechos o ello resulte legalmente permitido.<\/p>\r\n\r\n\r\n\r\n<ol>\r\n<li><strong> Publicidad<\/strong><\/li>\r\n<\/ol>\r\n\r\n\r\n\r\n<p>En la p\u00e1gina Web podr\u00e1n alojarse contenidos publicitarios o patrocinados. los anunciantes o patrocinadores son los \u00fanicos responsables de asegurarse de que el material remitido para su inclusi\u00f3n en la Web cumple con las leyes que en cada caso puedan ser de aplicaci\u00f3n. ENBE no ser\u00e1 responsable de cualquier error, inexactitud o irregularidad que puedan contener los contenidos publicitarios o de los patrocinadores.<\/p>\r\n\r\n\r\n\r\n<ol>\r\n<li><strong> Legislaci\u00f3n aplicable<\/strong><\/li>\r\n<\/ol>\r\n\r\n\r\n\r\n<p>El Aviso Legal se regir\u00e1 e interpretar\u00e1 de conformidad con la legislaci\u00f3n espa\u00f1ola. Para la resoluci\u00f3n de cualquier conflicto que pudiera derivarse del acceso al sitio web, se someter\u00e1n a los juzgados o tribunales pertinentes de conformidad con la normativa de consumidores y usuarios.<\/p>\r\n\r\n\r\n\r\n<ol>\r\n<li><strong> Contacto<\/strong><\/li>\r\n<\/ol>\r\n\r\n\r\n\r\n<p>Para cualquier pregunta o comentario sobre el presente Aviso Legal puede ponerse en contacto con nosotros a trav\u00e9s del correo electr\u00f3nico admin@escolanauticabaixemporda.com<\/p>\r\n\r\n\r\n\r\n<h2><strong>Pol\u00edtica de Cookies<\/strong><\/h2>\r\n\r\n\r\n\r\n<p>Esta p\u00e1gina web utiliza cookies para recopilar informaci\u00f3n estad\u00edstica sobre la navegaci\u00f3n de los usuarios y mejorar sus servicios con sus preferencias, generadas a partir de sus pautas de navegaci\u00f3n. Si continuan navegando, consideramos que aceptan su uso, descrito en nuestra Pol\u00edtica de Cookies.<\/p>\r\n\r\n\r\n\r\n<h3>\u00bfQu\u00e9 son las cookies y por qu\u00e9 las utilizamos en la web?<\/h3>\r\n\r\n\r\n\r\n<p>Una cookie es un fichero que se descarga en el dispositivo del usuario al acceder a determinadas p\u00e1ginas web para almacenar y recuperar informaci\u00f3n sobre la navegaci\u00f3n que se efect\u00faa desde dicho equipo.<\/p>\r\n\r\n\r\n\r\n<p>Las cookies permiten a dicha web, entre otras cosas, almacenar y recuperar informaci\u00f3n sobre las decisiones y h\u00e1bitos del usuario.<\/p>\r\n\r\n\r\n\r\n<p>Es importante destacar que el uso de cookies no proporciona datos personales del usuario.<\/p>\r\n\r\n\r\n\r\n<h3>\u00bfQu\u00e9 tipo de cookies utiliza la web?<\/h3>\r\n\r\n\r\n\r\n<p>Las cookies, en funci\u00f3n del tiempo que permanecen activadas, pueden dividirse en cookies de sesi\u00f3n o permanentes. En la presente web se utilizan <strong><em>cookies de sesi\u00f3n, <\/em><\/strong>dise\u00f1adas para recabar y almacenar datos mientras el usuario accede a una p\u00e1gina web. Se suelen emplear para almacenar informaci\u00f3n que solo interesa conservar para la prestaci\u00f3n del servicio solicitado por el usuario en una sola ocasi\u00f3n.<\/p>\r\n\r\n\r\n\r\n<p>Adicionalmente, seg\u00fan la entidad que las gestione, las cookies pueden clasificarse en propias o de tercero. Las <strong><em>cookies de tercero <\/em><\/strong>son aquellas que se env\u00edan al equipo terminal del usuario desde un equipo o dominio que no es gestionado por el editor, sino por otra entidad que trata los datos obtenidos trav\u00e9s de las cookies.<\/p>\r\n\r\n\r\n\r\n<p>En cuanto a su finalidad, el tipo de cookies que se usan en la web son las <strong>anal\u00edticas<\/strong>, que son aquellas que permiten al responsable de las mismas, el seguimiento y an\u00e1lisis del comportamiento de los usuarios de los sitios web a los que est\u00e1n vinculadas. La informaci\u00f3n recogida mediante este tipo de cookies se utiliza con el objetivo de analizar la procedencia del tr\u00e1fico que llega a la web, analizar y estudiar dichos datos para poderlos aplicar y tener un mejor posicionamiento, y recopilar algunos datos de navegaci\u00f3n o campos rellenados por el mismo usuario.<\/p>\r\n\r\n\r\n\r\n<h3>\u00bfC\u00f3mo deshabilitar las cookies en el navegador?<\/h3>\r\n\r\n\r\n\r\n<p>El usuario puede configurar su navegador para no aceptar el uso de cookies, en cuyo caso la personalizaci\u00f3n de la experiencia no se aplicar\u00eda. Si se selecciona esta configuraci\u00f3n puede que no se pueda acceder a ciertas partes del sitio web, ya que puede causar una navegaci\u00f3n menos eficaz.<\/p>\r\n\r\n\r\n\r\n<p>La mayor\u00eda de navegadores actualmente permiten al usuario configurar si desean aceptar cookies y cu\u00e1les de ellas. Estos ajustes normalmente se encuentran en las \u2018opciones\u2019 o \u2018Preferencias\u2019 del men\u00fa de su navegador.<\/p>\r\n\r\n\r\n\r\n<p>Estas son las instrucciones para configurar las cookies en los principales navegadores:<\/p>\r\n\r\n\r\n\r\n<p><strong>Chrome<\/strong>: Configuraci\u00f3n -&gt; Mostrar opciones avanzadas -&gt; Privacidad -&gt; Configuraci\u00f3n de contenido. Para m\u00e1s informaci\u00f3n, puede consultar el soporte de Google o la Ayuda del navegador.<\/p>\r\n\r\n\r\n\r\n<p><strong>Firefox<\/strong>: Herramientas -&gt; Opciones -&gt; Privacidad -&gt; Historial -&gt; Configuraci\u00f3n Personalizada. Para m\u00e1s informaci\u00f3n, puede consultar el soporte de Mozilla o la Ayuda del navegador.<\/p>\r\n\r\n\r\n\r\n<p><strong>Internet Explorer<\/strong>: Herramientas -&gt; Opciones de Internet -&gt; Privacidad -&gt; Configuraci\u00f3n. Para m\u00e1s informaci\u00f3n, puede consultar el soporte de Microsoft o la Ayuda del navegador.<\/p>\r\n\r\n\r\n\r\n<p><strong>Safari<\/strong>: Preferencias -&gt; Seguridad. Para m\u00e1s informaci\u00f3n, puede consultar el soporte de Apple o la Ayuda del navegador.<\/p>\r\n","protected":false},"excerpt":{"rendered":"<p>Aviso Legal En cumplimiento de la Ley 34\/2002, de 11 de julio, de Servicios de la Sociedad de la Informaci\u00f3n &hellip;<\/p>\n","protected":false},"author":1,"featured_media":0,"parent":0,"menu_order":0,"comment_status":"closed","ping_status":"open","template":"","meta":{"_bbp_topic_count":0,"_bbp_reply_count":0,"_bbp_total_topic_count":0,"_bbp_total_reply_count":0,"_bbp_voice_count":0,"_bbp_anonymous_reply_count":0,"_bbp_topic_count_hidden":0,"_bbp_reply_count_hidden":0,"_bbp_forum_subforum_count":0,"_vibebp_attr":"","_vibebp_dimensions":"","_vibebp_responsive_height":"","_vibebp_accordion_ie_support":"","_monsterinsights_skip_tracking":false,"_monsterinsights_sitenote_active":false,"_monsterinsights_sitenote_note":"","_monsterinsights_sitenote_category":0},"yoast_head":"<!-- This site is optimized with the Yoast SEO plugin v19.14 - https:\/\/yoast.com\/wordpress\/plugins\/seo\/ -->\n<title>Aviso Legal y Pol\u00edtica de Cookies<\/title>\n<meta name=\"description\" content=\"Aviso Legal En cumplimiento de la Ley 34\/2002, de 11 de julio, de Servicios de la Sociedad de la Informaci\u00f3n y de Comercio electr\u00f3nico, se informa al\" \/>\n<meta name=\"robots\" content=\"noindex, follow\" \/>\n<meta property=\"og:locale\" content=\"es_ES\" \/>\n<meta property=\"og:type\" content=\"article\" \/>\n<meta property=\"og:title\" content=\"Aviso Legal y Pol\u00edtica de Cookies\" \/>\n<meta property=\"og:description\" content=\"Aviso Legal En cumplimiento de la Ley 34\/2002, de 11 de julio, de Servicios de la Sociedad de la Informaci\u00f3n y de Comercio electr\u00f3nico, se informa al\" \/>\n<meta property=\"og:url\" content=\"https:\/\/escolanauticabaixemporda.com\/aula-nautica\/politica-de-privacidad\/\" \/>\n<meta property=\"og:site_name\" content=\"Aula Nautica de l&#039;Escola N\u00e0utica Baix Empord\u00e0\" \/>\n<meta property=\"article:modified_time\" content=\"2019-03-16T12:27:54+00:00\" \/>\n<meta name=\"twitter:card\" content=\"summary_large_image\" \/>\n<meta name=\"twitter:label1\" content=\"Tiempo de lectura\" \/>\n\t<meta name=\"twitter:data1\" content=\"9 minutos\" \/>\n<script type=\"application\/ld+json\" class=\"yoast-schema-graph\">{\"@context\":\"https:\/\/schema.org\",\"@graph\":[{\"@type\":\"WebPage\",\"@id\":\"https:\/\/escolanauticabaixemporda.com\/aula-nautica\/politica-de-privacidad\/\",\"url\":\"https:\/\/escolanauticabaixemporda.com\/aula-nautica\/politica-de-privacidad\/\",\"name\":\"Aviso Legal y Pol\u00edtica de Cookies\",\"isPartOf\":{\"@id\":\"https:\/\/escolanauticabaixemporda.com\/aula-nautica\/#website\"},\"datePublished\":\"2019-01-08T14:44:56+00:00\",\"dateModified\":\"2019-03-16T12:27:54+00:00\",\"description\":\"Aviso Legal En cumplimiento de la Ley 34\/2002, de 11 de julio, de Servicios de la Sociedad de la Informaci\u00f3n y de Comercio electr\u00f3nico, se informa al\",\"breadcrumb\":{\"@id\":\"https:\/\/escolanauticabaixemporda.com\/aula-nautica\/politica-de-privacidad\/#breadcrumb\"},\"inLanguage\":\"es\",\"potentialAction\":[{\"@type\":\"ReadAction\",\"target\":[\"https:\/\/escolanauticabaixemporda.com\/aula-nautica\/politica-de-privacidad\/\"]}]},{\"@type\":\"BreadcrumbList\",\"@id\":\"https:\/\/escolanauticabaixemporda.com\/aula-nautica\/politica-de-privacidad\/#breadcrumb\",\"itemListElement\":[{\"@type\":\"ListItem\",\"position\":1,\"name\":\"Portada\",\"item\":\"https:\/\/escolanauticabaixemporda.com\/aula-nautica\/\"},{\"@type\":\"ListItem\",\"position\":2,\"name\":\"Aviso Legal y Pol\u00edtica de Cookies\"}]},{\"@type\":\"WebSite\",\"@id\":\"https:\/\/escolanauticabaixemporda.com\/aula-nautica\/#website\",\"url\":\"https:\/\/escolanauticabaixemporda.com\/aula-nautica\/\",\"name\":\"Aula Nautica de l&#039;Escola N\u00e0utica Baix Empord\u00e0\",\"description\":\"Cursos de N\u00e1utica de Recreo y Profesionales\",\"potentialAction\":[{\"@type\":\"SearchAction\",\"target\":{\"@type\":\"EntryPoint\",\"urlTemplate\":\"https:\/\/escolanauticabaixemporda.com\/aula-nautica\/?s={search_term_string}\"},\"query-input\":\"required name=search_term_string\"}],\"inLanguage\":\"es\"}]}<\/script>\n<!-- \/ Yoast SEO plugin. -->","yoast_head_json":{"title":"Aviso Legal y Pol\u00edtica de Cookies","description":"Aviso Legal En cumplimiento de la Ley 34\/2002, de 11 de julio, de Servicios de la Sociedad de la Informaci\u00f3n y de Comercio electr\u00f3nico, se informa al","robots":{"index":"noindex","follow":"follow"},"og_locale":"es_ES","og_type":"article","og_title":"Aviso Legal y Pol\u00edtica de Cookies","og_description":"Aviso Legal En cumplimiento de la Ley 34\/2002, de 11 de julio, de Servicios de la Sociedad de la Informaci\u00f3n y de Comercio electr\u00f3nico, se informa al","og_url":"https:\/\/escolanauticabaixemporda.com\/aula-nautica\/politica-de-privacidad\/","og_site_name":"Aula Nautica de l&#039;Escola N\u00e0utica Baix Empord\u00e0","article_modified_time":"2019-03-16T12:27:54+00:00","twitter_card":"summary_large_image","twitter_misc":{"Tiempo de lectura":"9 minutos"},"schema":{"@context":"https:\/\/schema.org","@graph":[{"@type":"WebPage","@id":"https:\/\/escolanauticabaixemporda.com\/aula-nautica\/politica-de-privacidad\/","url":"https:\/\/escolanauticabaixemporda.com\/aula-nautica\/politica-de-privacidad\/","name":"Aviso Legal y Pol\u00edtica de Cookies","isPartOf":{"@id":"https:\/\/escolanauticabaixemporda.com\/aula-nautica\/#website"},"datePublished":"2019-01-08T14:44:56+00:00","dateModified":"2019-03-16T12:27:54+00:00","description":"Aviso Legal En cumplimiento de la Ley 34\/2002, de 11 de julio, de Servicios de la Sociedad de la Informaci\u00f3n y de Comercio electr\u00f3nico, se informa al","breadcrumb":{"@id":"https:\/\/escolanauticabaixemporda.com\/aula-nautica\/politica-de-privacidad\/#breadcrumb"},"inLanguage":"es","potentialAction":[{"@type":"ReadAction","target":["https:\/\/escolanauticabaixemporda.com\/aula-nautica\/politica-de-privacidad\/"]}]},{"@type":"BreadcrumbList","@id":"https:\/\/escolanauticabaixemporda.com\/aula-nautica\/politica-de-privacidad\/#breadcrumb","itemListElement":[{"@type":"ListItem","position":1,"name":"Portada","item":"https:\/\/escolanauticabaixemporda.com\/aula-nautica\/"},{"@type":"ListItem","position":2,"name":"Aviso Legal y Pol\u00edtica de Cookies"}]},{"@type":"WebSite","@id":"https:\/\/escolanauticabaixemporda.com\/aula-nautica\/#website","url":"https:\/\/escolanauticabaixemporda.com\/aula-nautica\/","name":"Aula Nautica de l&#039;Escola N\u00e0utica Baix Empord\u00e0","description":"Cursos de N\u00e1utica de Recreo y Profesionales","potentialAction":[{"@type":"SearchAction","target":{"@type":"EntryPoint","urlTemplate":"https:\/\/escolanauticabaixemporda.com\/aula-nautica\/?s={search_term_string}"},"query-input":"required name=search_term_string"}],"inLanguage":"es"}]}},"_links":{"self":[{"href":"https:\/\/escolanauticabaixemporda.com\/aula-nautica\/wp-json\/wp\/v2\/pages\/3"}],"collection":[{"href":"https:\/\/escolanauticabaixemporda.com\/aula-nautica\/wp-json\/wp\/v2\/pages"}],"about":[{"href":"https:\/\/escolanauticabaixemporda.com\/aula-nautica\/wp-json\/wp\/v2\/types\/page"}],"author":[{"embeddable":true,"href":"https:\/\/escolanauticabaixemporda.com\/aula-nautica\/wp-json\/wp\/v2\/users\/1"}],"replies":[{"embeddable":true,"href":"https:\/\/escolanauticabaixemporda.com\/aula-nautica\/wp-json\/wp\/v2\/comments?post=3"}],"version-history":[{"count":3,"href":"https:\/\/escolanauticabaixemporda.com\/aula-nautica\/wp-json\/wp\/v2\/pages\/3\/revisions"}],"predecessor-version":[{"id":3687,"href":"https:\/\/escolanauticabaixemporda.com\/aula-nautica\/wp-json\/wp\/v2\/pages\/3\/revisions\/3687"}],"wp:attachment":[{"href":"https:\/\/escolanauticabaixemporda.com\/aula-nautica\/wp-json\/wp\/v2\/media?parent=3"}],"curies":[{"name":"wp","href":"https:\/\/api.w.org\/{rel}","templated":true}]}}