{"id":23043,"date":"2021-11-19T16:16:34","date_gmt":"2021-11-19T15:16:34","guid":{"rendered":"https:\/\/escolanauticabaixemporda.com\/aula-nautica\/?post_type=product&#038;p=23043"},"modified":"2021-11-19T16:21:32","modified_gmt":"2021-11-19T15:21:32","slug":"curso-de-pper","status":"publish","type":"product","link":"https:\/\/escolanauticabaixemporda.com\/aula-nautica\/product\/curso-de-pper\/","title":{"rendered":"Curso de PPER"},"content":{"rendered":"<p><strong>Curso Online del Patr\u00f3n Profesional de Embarcaciones de Recreo<\/strong><\/p>\n<p>Este curso es completo, ideal para todos aquellos que desean tener el mayor soporte y obtener el acceso total a nuestra plataforma de E-learning.<\/p>\n<p><strong>\u00bfQu\u00e9 incluye el curso?<\/strong><\/p>\n<ul>\n<li>&#8211; Acceso a todos los temas necesarios para superar el examen del PPER<\/li>\n<li>&#8211; Matr\u00edcula y seguimiento posterior.<\/li>\n<li>&#8211; Soporte con nuestro profesor v\u00eda plataforma<\/li>\n<li>&#8211; 2 horas de clases particulares <em>(Si fuese necesario)<\/em><\/li>\n<li>&#8211; Asistencia<strong> en nuestras aulas<\/strong> para realizar tests con soporte docente <em>(Si fuese necesario)<\/em><\/li>\n<li>&#8211; IVA, material did\u00e1ctico (Env\u00edo incluido Espa\u00f1a) y credenciales alumno<\/li>\n<li>&#8211; Alta en <strong>nuestro Club ENBE<\/strong> (Multiboat, asesoramiento legal gratuito, alquiler embarcaciones preferentes&#8230;)<\/li>\n<\/ul>\n<p><strong>\u00bfQu\u00e9 no incluye?<\/strong><\/p>\n<ul>\n<li>&#8211; Expedici\u00f3n de t\u00edtulo<\/li>\n<li>&#8211; Clases presenciales que excedan de las horas iniciales<\/li>\n<\/ul>\n","protected":false},"excerpt":{"rendered":"<p>Temario del PPER seg\u00fan normativa actual y Tests ex\u00e1menes oficiales<\/p>\n","protected":false},"featured_media":23040,"comment_status":"closed","ping_status":"closed","template":"","meta":{"_bbp_topic_count":0,"_bbp_reply_count":0,"_bbp_total_topic_count":0,"_bbp_total_reply_count":0,"_bbp_voice_count":0,"_bbp_anonymous_reply_count":0,"_bbp_topic_count_hidden":0,"_bbp_reply_count_hidden":0,"_bbp_forum_subforum_count":0,"_vibebp_attr":"","_vibebp_dimensions":"","_vibebp_responsive_height":"","_vibebp_accordion_ie_support":"","_monsterinsights_skip_tracking":false,"_monsterinsights_sitenote_active":false,"_monsterinsights_sitenote_note":"","_monsterinsights_sitenote_category":0},"product_cat":[30],"product_tag":[],"yoast_head":"<!-- This site is optimized with the Yoast SEO plugin v19.14 - https:\/\/yoast.com\/wordpress\/plugins\/seo\/ -->\n<title>Curso de PPER &ndash;<\/title>\n<meta name=\"description\" content=\"Temario del PPER seg\u00fan normativa actual y Tests ex\u00e1menes oficiales\" \/>\n<meta name=\"robots\" content=\"index, follow, max-snippet:-1, max-image-preview:large, max-video-preview:-1\" \/>\n<link rel=\"canonical\" href=\"https:\/\/escolanauticabaixemporda.com\/aula-nautica\/product\/curso-de-pper\/\" \/>\n<meta property=\"og:locale\" content=\"es_ES\" \/>\n<meta property=\"og:type\" content=\"article\" \/>\n<meta property=\"og:title\" content=\"Curso de PPER &ndash;\" \/>\n<meta property=\"og:description\" content=\"Temario del PPER seg\u00fan normativa actual y Tests ex\u00e1menes oficiales\" \/>\n<meta property=\"og:url\" content=\"https:\/\/escolanauticabaixemporda.com\/aula-nautica\/product\/curso-de-pper\/\" \/>\n<meta property=\"og:site_name\" content=\"Aula Nautica de l&#039;Escola N\u00e0utica Baix Empord\u00e0\" \/>\n<meta property=\"article:modified_time\" content=\"2021-11-19T15:21:32+00:00\" \/>\n<meta property=\"og:image\" content=\"https:\/\/escolanauticabaixemporda.com\/aula-nautica\/wp-content\/uploads\/2021\/11\/portada_curs_PPER_A.png\" \/>\n\t<meta property=\"og:image:width\" content=\"621\" \/>\n\t<meta property=\"og:image:height\" content=\"415\" \/>\n\t<meta property=\"og:image:type\" content=\"image\/png\" \/>\n<meta name=\"twitter:card\" content=\"summary_large_image\" \/>\n<meta name=\"twitter:label1\" content=\"Tiempo de lectura\" \/>\n\t<meta name=\"twitter:data1\" content=\"1 minuto\" \/>\n<script type=\"application\/ld+json\" class=\"yoast-schema-graph\">{\"@context\":\"https:\/\/schema.org\",\"@graph\":[{\"@type\":\"WebPage\",\"@id\":\"https:\/\/escolanauticabaixemporda.com\/aula-nautica\/product\/curso-de-pper\/\",\"url\":\"https:\/\/escolanauticabaixemporda.com\/aula-nautica\/product\/curso-de-pper\/\",\"name\":\"Curso de PPER &ndash;\",\"isPartOf\":{\"@id\":\"https:\/\/escolanauticabaixemporda.com\/aula-nautica\/#website\"},\"datePublished\":\"2021-11-19T15:16:34+00:00\",\"dateModified\":\"2021-11-19T15:21:32+00:00\",\"description\":\"Temario del PPER seg\u00fan normativa actual y Tests ex\u00e1menes oficiales\",\"breadcrumb\":{\"@id\":\"https:\/\/escolanauticabaixemporda.com\/aula-nautica\/product\/curso-de-pper\/#breadcrumb\"},\"inLanguage\":\"es\",\"potentialAction\":[{\"@type\":\"ReadAction\",\"target\":[\"https:\/\/escolanauticabaixemporda.com\/aula-nautica\/product\/curso-de-pper\/\"]}]},{\"@type\":\"BreadcrumbList\",\"@id\":\"https:\/\/escolanauticabaixemporda.com\/aula-nautica\/product\/curso-de-pper\/#breadcrumb\",\"itemListElement\":[{\"@type\":\"ListItem\",\"position\":1,\"name\":\"Portada\",\"item\":\"https:\/\/escolanauticabaixemporda.com\/aula-nautica\/\"},{\"@type\":\"ListItem\",\"position\":2,\"name\":\"Cursos N\u00e1uticos Online\",\"item\":\"https:\/\/escolanauticabaixemporda.com\/aula-nautica\/\"},{\"@type\":\"ListItem\",\"position\":3,\"name\":\"Curso de PPER\"}]},{\"@type\":\"WebSite\",\"@id\":\"https:\/\/escolanauticabaixemporda.com\/aula-nautica\/#website\",\"url\":\"https:\/\/escolanauticabaixemporda.com\/aula-nautica\/\",\"name\":\"Aula Nautica de l&#039;Escola N\u00e0utica Baix Empord\u00e0\",\"description\":\"Cursos de N\u00e1utica de Recreo y Profesionales\",\"potentialAction\":[{\"@type\":\"SearchAction\",\"target\":{\"@type\":\"EntryPoint\",\"urlTemplate\":\"https:\/\/escolanauticabaixemporda.com\/aula-nautica\/?s={search_term_string}\"},\"query-input\":\"required name=search_term_string\"}],\"inLanguage\":\"es\"}]}<\/script>\n<!-- \/ Yoast SEO plugin. -->","yoast_head_json":{"title":"Curso de PPER &ndash;","description":"Temario del PPER seg\u00fan normativa actual y Tests ex\u00e1menes oficiales","robots":{"index":"index","follow":"follow","max-snippet":"max-snippet:-1","max-image-preview":"max-image-preview:large","max-video-preview":"max-video-preview:-1"},"canonical":"https:\/\/escolanauticabaixemporda.com\/aula-nautica\/product\/curso-de-pper\/","og_locale":"es_ES","og_type":"article","og_title":"Curso de PPER &ndash;","og_description":"Temario del PPER seg\u00fan normativa actual y Tests ex\u00e1menes oficiales","og_url":"https:\/\/escolanauticabaixemporda.com\/aula-nautica\/product\/curso-de-pper\/","og_site_name":"Aula Nautica de l&#039;Escola N\u00e0utica Baix Empord\u00e0","article_modified_time":"2021-11-19T15:21:32+00:00","og_image":[{"width":621,"height":415,"url":"https:\/\/escolanauticabaixemporda.com\/aula-nautica\/wp-content\/uploads\/2021\/11\/portada_curs_PPER_A.png","type":"image\/png"}],"twitter_card":"summary_large_image","twitter_misc":{"Tiempo de lectura":"1 minuto"},"schema":{"@context":"https:\/\/schema.org","@graph":[{"@type":"WebPage","@id":"https:\/\/escolanauticabaixemporda.com\/aula-nautica\/product\/curso-de-pper\/","url":"https:\/\/escolanauticabaixemporda.com\/aula-nautica\/product\/curso-de-pper\/","name":"Curso de PPER &ndash;","isPartOf":{"@id":"https:\/\/escolanauticabaixemporda.com\/aula-nautica\/#website"},"datePublished":"2021-11-19T15:16:34+00:00","dateModified":"2021-11-19T15:21:32+00:00","description":"Temario del PPER seg\u00fan normativa actual y Tests ex\u00e1menes oficiales","breadcrumb":{"@id":"https:\/\/escolanauticabaixemporda.com\/aula-nautica\/product\/curso-de-pper\/#breadcrumb"},"inLanguage":"es","potentialAction":[{"@type":"ReadAction","target":["https:\/\/escolanauticabaixemporda.com\/aula-nautica\/product\/curso-de-pper\/"]}]},{"@type":"BreadcrumbList","@id":"https:\/\/escolanauticabaixemporda.com\/aula-nautica\/product\/curso-de-pper\/#breadcrumb","itemListElement":[{"@type":"ListItem","position":1,"name":"Portada","item":"https:\/\/escolanauticabaixemporda.com\/aula-nautica\/"},{"@type":"ListItem","position":2,"name":"Cursos N\u00e1uticos Online","item":"https:\/\/escolanauticabaixemporda.com\/aula-nautica\/"},{"@type":"ListItem","position":3,"name":"Curso de PPER"}]},{"@type":"WebSite","@id":"https:\/\/escolanauticabaixemporda.com\/aula-nautica\/#website","url":"https:\/\/escolanauticabaixemporda.com\/aula-nautica\/","name":"Aula Nautica de l&#039;Escola N\u00e0utica Baix Empord\u00e0","description":"Cursos de N\u00e1utica de Recreo y Profesionales","potentialAction":[{"@type":"SearchAction","target":{"@type":"EntryPoint","urlTemplate":"https:\/\/escolanauticabaixemporda.com\/aula-nautica\/?s={search_term_string}"},"query-input":"required name=search_term_string"}],"inLanguage":"es"}]}},"_links":{"self":[{"href":"https:\/\/escolanauticabaixemporda.com\/aula-nautica\/wp-json\/wp\/v2\/product\/23043"}],"collection":[{"href":"https:\/\/escolanauticabaixemporda.com\/aula-nautica\/wp-json\/wp\/v2\/product"}],"about":[{"href":"https:\/\/escolanauticabaixemporda.com\/aula-nautica\/wp-json\/wp\/v2\/types\/product"}],"replies":[{"embeddable":true,"href":"https:\/\/escolanauticabaixemporda.com\/aula-nautica\/wp-json\/wp\/v2\/comments?post=23043"}],"wp:featuredmedia":[{"embeddable":true,"href":"https:\/\/escolanauticabaixemporda.com\/aula-nautica\/wp-json\/wp\/v2\/media\/23040"}],"wp:attachment":[{"href":"https:\/\/escolanauticabaixemporda.com\/aula-nautica\/wp-json\/wp\/v2\/media?parent=23043"}],"wp:term":[{"taxonomy":"product_cat","embeddable":true,"href":"https:\/\/escolanauticabaixemporda.com\/aula-nautica\/wp-json\/wp\/v2\/product_cat?post=23043"},{"taxonomy":"product_tag","embeddable":true,"href":"https:\/\/escolanauticabaixemporda.com\/aula-nautica\/wp-json\/wp\/v2\/product_tag?post=23043"}],"curies":[{"name":"wp","href":"https:\/\/api.w.org\/{rel}","templated":true}]}}