{"id":279,"date":"2016-02-05T12:13:42","date_gmt":"2016-02-05T11:13:42","guid":{"rendered":"http:\/\/themes.vibethemes.com\/wplms\/skins\/demo2\/product\/basic-of-nature-photography\/"},"modified":"2019-04-02T17:48:56","modified_gmt":"2019-04-02T16:48:56","slug":"curso-patron-yate","status":"publish","type":"product","link":"https:\/\/escolanauticabaixemporda.com\/aula-nautica\/product\/curso-patron-yate\/","title":{"rendered":"Curso de Patr\u00f3n de Yate"},"content":{"rendered":"<p><strong>Curso Online del Patr\u00f3n de Yate<\/strong><\/p>\n<p>Este curso es completo, ideal para todos aquellos que desean tener el mayor soporte y obtener el acceso total a nuestra plataforma de E-learning.<\/p>\n<p><strong>\u00bfQu\u00e9 incluye el curso?<\/strong><\/p>\n<ul>\n<li>&#8211; Acceso a todos los temas necesarios para superar el examen del Patr\u00f3n de Yate<\/li>\n<li>&#8211; Matr\u00edcula, 1 <strong>tasa examen te\u00f3rico<\/strong> y seguimiento posterior.<\/li>\n<li>&#8211; Soporte con nuestros profesor via plataforma<\/li>\n<li>&#8211; 4 horas de clases particulares <em>(Si fuese necesario)<\/em><\/li>\n<li>&#8211; Asistencia<strong> en nuestras aulas<\/strong> para realizar tests con soporte docente <em>(Si fuese necesario)<\/em><\/li>\n<li>&#8211; IVA, material did\u00e1ctico (Env\u00edo incluido Espa\u00f1a) y credencials alumno<\/li>\n<li>&#8211; Alta en <strong>nuestro Club ENBE<\/strong> (Multiboat, asesoramiento legal gratuito, alquiler embarcaciones preferentes&#8230;)<\/li>\n<\/ul>\n<p><strong>\u00bfQu\u00e9 no incluye?<\/strong><\/p>\n<ul>\n<li>&#8211; Expedici\u00f3n de t\u00edtulo<\/li>\n<li>&#8211; Pr\u00e1cticas de Motor y Vela<\/li>\n<li>&#8211; Clases presenciales que excedan de las horas iniciales<\/li>\n<\/ul>\n","protected":false},"excerpt":{"rendered":"<p>Temas del Curso: Meteorolog\u00eda, Seguridad y Navegaci\u00f3n<\/p>\n","protected":false},"featured_media":1345,"comment_status":"closed","ping_status":"closed","template":"","meta":{"_bbp_topic_count":0,"_bbp_reply_count":0,"_bbp_total_topic_count":0,"_bbp_total_reply_count":0,"_bbp_voice_count":0,"_bbp_anonymous_reply_count":0,"_bbp_topic_count_hidden":0,"_bbp_reply_count_hidden":0,"_bbp_forum_subforum_count":0,"_vibebp_attr":"","_vibebp_dimensions":"","_vibebp_responsive_height":"","_vibebp_accordion_ie_support":"","_monsterinsights_skip_tracking":false,"_monsterinsights_sitenote_active":false,"_monsterinsights_sitenote_note":"","_monsterinsights_sitenote_category":0},"product_cat":[30],"product_tag":[],"yoast_head":"<!-- This site is optimized with the Yoast SEO plugin v19.14 - https:\/\/yoast.com\/wordpress\/plugins\/seo\/ -->\n<title>Curso de Patr\u00f3n de Yate &ndash;<\/title>\n<meta name=\"description\" content=\"Temas del Curso: Meteorolog\u00eda, Seguridad y Navegaci\u00f3n\" \/>\n<meta name=\"robots\" content=\"index, follow, max-snippet:-1, max-image-preview:large, max-video-preview:-1\" \/>\n<link rel=\"canonical\" href=\"https:\/\/escolanauticabaixemporda.com\/aula-nautica\/product\/curso-patron-yate\/\" \/>\n<meta property=\"og:locale\" content=\"es_ES\" \/>\n<meta property=\"og:type\" content=\"article\" \/>\n<meta property=\"og:title\" content=\"Curso de Patr\u00f3n de Yate &ndash;\" \/>\n<meta property=\"og:description\" content=\"Temas del Curso: Meteorolog\u00eda, Seguridad y Navegaci\u00f3n\" \/>\n<meta property=\"og:url\" content=\"https:\/\/escolanauticabaixemporda.com\/aula-nautica\/product\/curso-patron-yate\/\" \/>\n<meta property=\"og:site_name\" content=\"Aula Nautica de l&#039;Escola N\u00e0utica Baix Empord\u00e0\" \/>\n<meta property=\"article:modified_time\" content=\"2019-04-02T16:48:56+00:00\" \/>\n<meta property=\"og:image\" content=\"https:\/\/escolanauticabaixemporda.com\/aula-nautica\/wp-content\/uploads\/2019\/01\/portada_curs_online_py_plataforma-1.png\" \/>\n\t<meta property=\"og:image:width\" content=\"640\" \/>\n\t<meta property=\"og:image:height\" content=\"427\" \/>\n\t<meta property=\"og:image:type\" content=\"image\/png\" \/>\n<meta name=\"twitter:card\" content=\"summary_large_image\" \/>\n<meta name=\"twitter:label1\" content=\"Tiempo de lectura\" \/>\n\t<meta name=\"twitter:data1\" content=\"1 minuto\" \/>\n<script type=\"application\/ld+json\" class=\"yoast-schema-graph\">{\"@context\":\"https:\/\/schema.org\",\"@graph\":[{\"@type\":\"WebPage\",\"@id\":\"https:\/\/escolanauticabaixemporda.com\/aula-nautica\/product\/curso-patron-yate\/\",\"url\":\"https:\/\/escolanauticabaixemporda.com\/aula-nautica\/product\/curso-patron-yate\/\",\"name\":\"Curso de Patr\u00f3n de Yate &ndash;\",\"isPartOf\":{\"@id\":\"https:\/\/escolanauticabaixemporda.com\/aula-nautica\/#website\"},\"datePublished\":\"2016-02-05T11:13:42+00:00\",\"dateModified\":\"2019-04-02T16:48:56+00:00\",\"description\":\"Temas del Curso: Meteorolog\u00eda, Seguridad y Navegaci\u00f3n\",\"breadcrumb\":{\"@id\":\"https:\/\/escolanauticabaixemporda.com\/aula-nautica\/product\/curso-patron-yate\/#breadcrumb\"},\"inLanguage\":\"es\",\"potentialAction\":[{\"@type\":\"ReadAction\",\"target\":[\"https:\/\/escolanauticabaixemporda.com\/aula-nautica\/product\/curso-patron-yate\/\"]}]},{\"@type\":\"BreadcrumbList\",\"@id\":\"https:\/\/escolanauticabaixemporda.com\/aula-nautica\/product\/curso-patron-yate\/#breadcrumb\",\"itemListElement\":[{\"@type\":\"ListItem\",\"position\":1,\"name\":\"Portada\",\"item\":\"https:\/\/escolanauticabaixemporda.com\/aula-nautica\/\"},{\"@type\":\"ListItem\",\"position\":2,\"name\":\"Cursos N\u00e1uticos Online\",\"item\":\"https:\/\/escolanauticabaixemporda.com\/aula-nautica\/\"},{\"@type\":\"ListItem\",\"position\":3,\"name\":\"Curso de Patr\u00f3n de Yate\"}]},{\"@type\":\"WebSite\",\"@id\":\"https:\/\/escolanauticabaixemporda.com\/aula-nautica\/#website\",\"url\":\"https:\/\/escolanauticabaixemporda.com\/aula-nautica\/\",\"name\":\"Aula Nautica de l&#039;Escola N\u00e0utica Baix Empord\u00e0\",\"description\":\"Cursos de N\u00e1utica de Recreo y Profesionales\",\"potentialAction\":[{\"@type\":\"SearchAction\",\"target\":{\"@type\":\"EntryPoint\",\"urlTemplate\":\"https:\/\/escolanauticabaixemporda.com\/aula-nautica\/?s={search_term_string}\"},\"query-input\":\"required name=search_term_string\"}],\"inLanguage\":\"es\"}]}<\/script>\n<!-- \/ Yoast SEO plugin. -->","yoast_head_json":{"title":"Curso de Patr\u00f3n de Yate &ndash;","description":"Temas del Curso: Meteorolog\u00eda, Seguridad y Navegaci\u00f3n","robots":{"index":"index","follow":"follow","max-snippet":"max-snippet:-1","max-image-preview":"max-image-preview:large","max-video-preview":"max-video-preview:-1"},"canonical":"https:\/\/escolanauticabaixemporda.com\/aula-nautica\/product\/curso-patron-yate\/","og_locale":"es_ES","og_type":"article","og_title":"Curso de Patr\u00f3n de Yate &ndash;","og_description":"Temas del Curso: Meteorolog\u00eda, Seguridad y Navegaci\u00f3n","og_url":"https:\/\/escolanauticabaixemporda.com\/aula-nautica\/product\/curso-patron-yate\/","og_site_name":"Aula Nautica de l&#039;Escola N\u00e0utica Baix Empord\u00e0","article_modified_time":"2019-04-02T16:48:56+00:00","og_image":[{"width":640,"height":427,"url":"https:\/\/escolanauticabaixemporda.com\/aula-nautica\/wp-content\/uploads\/2019\/01\/portada_curs_online_py_plataforma-1.png","type":"image\/png"}],"twitter_card":"summary_large_image","twitter_misc":{"Tiempo de lectura":"1 minuto"},"schema":{"@context":"https:\/\/schema.org","@graph":[{"@type":"WebPage","@id":"https:\/\/escolanauticabaixemporda.com\/aula-nautica\/product\/curso-patron-yate\/","url":"https:\/\/escolanauticabaixemporda.com\/aula-nautica\/product\/curso-patron-yate\/","name":"Curso de Patr\u00f3n de Yate &ndash;","isPartOf":{"@id":"https:\/\/escolanauticabaixemporda.com\/aula-nautica\/#website"},"datePublished":"2016-02-05T11:13:42+00:00","dateModified":"2019-04-02T16:48:56+00:00","description":"Temas del Curso: Meteorolog\u00eda, Seguridad y Navegaci\u00f3n","breadcrumb":{"@id":"https:\/\/escolanauticabaixemporda.com\/aula-nautica\/product\/curso-patron-yate\/#breadcrumb"},"inLanguage":"es","potentialAction":[{"@type":"ReadAction","target":["https:\/\/escolanauticabaixemporda.com\/aula-nautica\/product\/curso-patron-yate\/"]}]},{"@type":"BreadcrumbList","@id":"https:\/\/escolanauticabaixemporda.com\/aula-nautica\/product\/curso-patron-yate\/#breadcrumb","itemListElement":[{"@type":"ListItem","position":1,"name":"Portada","item":"https:\/\/escolanauticabaixemporda.com\/aula-nautica\/"},{"@type":"ListItem","position":2,"name":"Cursos N\u00e1uticos Online","item":"https:\/\/escolanauticabaixemporda.com\/aula-nautica\/"},{"@type":"ListItem","position":3,"name":"Curso de Patr\u00f3n de Yate"}]},{"@type":"WebSite","@id":"https:\/\/escolanauticabaixemporda.com\/aula-nautica\/#website","url":"https:\/\/escolanauticabaixemporda.com\/aula-nautica\/","name":"Aula Nautica de l&#039;Escola N\u00e0utica Baix Empord\u00e0","description":"Cursos de N\u00e1utica de Recreo y Profesionales","potentialAction":[{"@type":"SearchAction","target":{"@type":"EntryPoint","urlTemplate":"https:\/\/escolanauticabaixemporda.com\/aula-nautica\/?s={search_term_string}"},"query-input":"required name=search_term_string"}],"inLanguage":"es"}]}},"_links":{"self":[{"href":"https:\/\/escolanauticabaixemporda.com\/aula-nautica\/wp-json\/wp\/v2\/product\/279"}],"collection":[{"href":"https:\/\/escolanauticabaixemporda.com\/aula-nautica\/wp-json\/wp\/v2\/product"}],"about":[{"href":"https:\/\/escolanauticabaixemporda.com\/aula-nautica\/wp-json\/wp\/v2\/types\/product"}],"replies":[{"embeddable":true,"href":"https:\/\/escolanauticabaixemporda.com\/aula-nautica\/wp-json\/wp\/v2\/comments?post=279"}],"wp:featuredmedia":[{"embeddable":true,"href":"https:\/\/escolanauticabaixemporda.com\/aula-nautica\/wp-json\/wp\/v2\/media\/1345"}],"wp:attachment":[{"href":"https:\/\/escolanauticabaixemporda.com\/aula-nautica\/wp-json\/wp\/v2\/media?parent=279"}],"wp:term":[{"taxonomy":"product_cat","embeddable":true,"href":"https:\/\/escolanauticabaixemporda.com\/aula-nautica\/wp-json\/wp\/v2\/product_cat?post=279"},{"taxonomy":"product_tag","embeddable":true,"href":"https:\/\/escolanauticabaixemporda.com\/aula-nautica\/wp-json\/wp\/v2\/product_tag?post=279"}],"curies":[{"name":"wp","href":"https:\/\/api.w.org\/{rel}","templated":true}]}}