{"id":5386,"date":"2020-01-08T00:10:32","date_gmt":"2020-01-07T23:10:32","guid":{"rendered":"https:\/\/escolanauticabaixemporda.com\/aula-nautica\/?post_type=product&#038;p=5386"},"modified":"2020-01-08T00:19:06","modified_gmt":"2020-01-07T23:19:06","slug":"curs-coneixements-titols-nautics","status":"publish","type":"product","link":"https:\/\/escolanauticabaixemporda.com\/aula-nautica\/product\/curs-coneixements-titols-nautics\/","title":{"rendered":"Curs Coneixements T\u00edtols N\u00e0utics"},"content":{"rendered":"<p><strong>Curso Online de Coneixements N\u00e0utics<\/strong><\/p>\n<p>Aquest curs es per a veure el nivell que tenen els treballadors de l&#8217;Escola N\u00e0utica Baix Empord\u00e0. B\u00e0sicament es per a mantenir un nivell de formatiu correcte per a poder oferir un servei de qualitat als nostres alumnes.<\/p>\n","protected":false},"excerpt":{"rendered":"<p>Examens sobre coneixements del temes n\u00e0utics que son b\u00e0sics per a treballar a la nostra escola.<\/p>\n","protected":false},"featured_media":33,"comment_status":"closed","ping_status":"closed","template":"","meta":{"_bbp_topic_count":0,"_bbp_reply_count":0,"_bbp_total_topic_count":0,"_bbp_total_reply_count":0,"_bbp_voice_count":0,"_bbp_anonymous_reply_count":0,"_bbp_topic_count_hidden":0,"_bbp_reply_count_hidden":0,"_bbp_forum_subforum_count":0,"_vibebp_attr":"","_vibebp_dimensions":"","_vibebp_responsive_height":"","_vibebp_accordion_ie_support":"","_monsterinsights_skip_tracking":false,"_monsterinsights_sitenote_active":false,"_monsterinsights_sitenote_note":"","_monsterinsights_sitenote_category":0},"product_cat":[30],"product_tag":[],"yoast_head":"<!-- This site is optimized with the Yoast SEO plugin v19.14 - https:\/\/yoast.com\/wordpress\/plugins\/seo\/ -->\n<title>Curs Coneixements T\u00edtols N\u00e0utics &ndash;<\/title>\n<meta name=\"description\" content=\"Examens sobre coneixements del temes n\u00e0utics que son b\u00e0sics per a treballar a la nostra escola.\" \/>\n<meta name=\"robots\" content=\"index, follow, max-snippet:-1, max-image-preview:large, max-video-preview:-1\" \/>\n<link rel=\"canonical\" href=\"https:\/\/escolanauticabaixemporda.com\/aula-nautica\/product\/curs-coneixements-titols-nautics\/\" \/>\n<meta property=\"og:locale\" content=\"es_ES\" \/>\n<meta property=\"og:type\" content=\"article\" \/>\n<meta property=\"og:title\" content=\"Curs Coneixements T\u00edtols N\u00e0utics &ndash;\" \/>\n<meta property=\"og:description\" content=\"Examens sobre coneixements del temes n\u00e0utics que son b\u00e0sics per a treballar a la nostra escola.\" \/>\n<meta property=\"og:url\" content=\"https:\/\/escolanauticabaixemporda.com\/aula-nautica\/product\/curs-coneixements-titols-nautics\/\" \/>\n<meta property=\"og:site_name\" content=\"Aula Nautica de l&#039;Escola N\u00e0utica Baix Empord\u00e0\" \/>\n<meta property=\"article:modified_time\" content=\"2020-01-07T23:19:06+00:00\" \/>\n<meta property=\"og:image\" content=\"https:\/\/escolanauticabaixemporda.com\/aula-nautica\/wp-content\/uploads\/2016\/02\/banner.jpg\" \/>\n\t<meta property=\"og:image:width\" content=\"960\" \/>\n\t<meta property=\"og:image:height\" content=\"720\" \/>\n\t<meta property=\"og:image:type\" content=\"image\/jpeg\" \/>\n<meta name=\"twitter:card\" content=\"summary_large_image\" \/>\n<script type=\"application\/ld+json\" class=\"yoast-schema-graph\">{\"@context\":\"https:\/\/schema.org\",\"@graph\":[{\"@type\":\"WebPage\",\"@id\":\"https:\/\/escolanauticabaixemporda.com\/aula-nautica\/product\/curs-coneixements-titols-nautics\/\",\"url\":\"https:\/\/escolanauticabaixemporda.com\/aula-nautica\/product\/curs-coneixements-titols-nautics\/\",\"name\":\"Curs Coneixements T\u00edtols N\u00e0utics &ndash;\",\"isPartOf\":{\"@id\":\"https:\/\/escolanauticabaixemporda.com\/aula-nautica\/#website\"},\"datePublished\":\"2020-01-07T23:10:32+00:00\",\"dateModified\":\"2020-01-07T23:19:06+00:00\",\"description\":\"Examens sobre coneixements del temes n\u00e0utics que son b\u00e0sics per a treballar a la nostra escola.\",\"breadcrumb\":{\"@id\":\"https:\/\/escolanauticabaixemporda.com\/aula-nautica\/product\/curs-coneixements-titols-nautics\/#breadcrumb\"},\"inLanguage\":\"es\",\"potentialAction\":[{\"@type\":\"ReadAction\",\"target\":[\"https:\/\/escolanauticabaixemporda.com\/aula-nautica\/product\/curs-coneixements-titols-nautics\/\"]}]},{\"@type\":\"BreadcrumbList\",\"@id\":\"https:\/\/escolanauticabaixemporda.com\/aula-nautica\/product\/curs-coneixements-titols-nautics\/#breadcrumb\",\"itemListElement\":[{\"@type\":\"ListItem\",\"position\":1,\"name\":\"Portada\",\"item\":\"https:\/\/escolanauticabaixemporda.com\/aula-nautica\/\"},{\"@type\":\"ListItem\",\"position\":2,\"name\":\"Cursos N\u00e1uticos Online\",\"item\":\"https:\/\/escolanauticabaixemporda.com\/aula-nautica\/\"},{\"@type\":\"ListItem\",\"position\":3,\"name\":\"Curs Coneixements T\u00edtols N\u00e0utics\"}]},{\"@type\":\"WebSite\",\"@id\":\"https:\/\/escolanauticabaixemporda.com\/aula-nautica\/#website\",\"url\":\"https:\/\/escolanauticabaixemporda.com\/aula-nautica\/\",\"name\":\"Aula Nautica de l&#039;Escola N\u00e0utica Baix Empord\u00e0\",\"description\":\"Cursos de N\u00e1utica de Recreo y Profesionales\",\"potentialAction\":[{\"@type\":\"SearchAction\",\"target\":{\"@type\":\"EntryPoint\",\"urlTemplate\":\"https:\/\/escolanauticabaixemporda.com\/aula-nautica\/?s={search_term_string}\"},\"query-input\":\"required name=search_term_string\"}],\"inLanguage\":\"es\"}]}<\/script>\n<!-- \/ Yoast SEO plugin. -->","yoast_head_json":{"title":"Curs Coneixements T\u00edtols N\u00e0utics &ndash;","description":"Examens sobre coneixements del temes n\u00e0utics que son b\u00e0sics per a treballar a la nostra escola.","robots":{"index":"index","follow":"follow","max-snippet":"max-snippet:-1","max-image-preview":"max-image-preview:large","max-video-preview":"max-video-preview:-1"},"canonical":"https:\/\/escolanauticabaixemporda.com\/aula-nautica\/product\/curs-coneixements-titols-nautics\/","og_locale":"es_ES","og_type":"article","og_title":"Curs Coneixements T\u00edtols N\u00e0utics &ndash;","og_description":"Examens sobre coneixements del temes n\u00e0utics que son b\u00e0sics per a treballar a la nostra escola.","og_url":"https:\/\/escolanauticabaixemporda.com\/aula-nautica\/product\/curs-coneixements-titols-nautics\/","og_site_name":"Aula Nautica de l&#039;Escola N\u00e0utica Baix Empord\u00e0","article_modified_time":"2020-01-07T23:19:06+00:00","og_image":[{"width":960,"height":720,"url":"https:\/\/escolanauticabaixemporda.com\/aula-nautica\/wp-content\/uploads\/2016\/02\/banner.jpg","type":"image\/jpeg"}],"twitter_card":"summary_large_image","schema":{"@context":"https:\/\/schema.org","@graph":[{"@type":"WebPage","@id":"https:\/\/escolanauticabaixemporda.com\/aula-nautica\/product\/curs-coneixements-titols-nautics\/","url":"https:\/\/escolanauticabaixemporda.com\/aula-nautica\/product\/curs-coneixements-titols-nautics\/","name":"Curs Coneixements T\u00edtols N\u00e0utics &ndash;","isPartOf":{"@id":"https:\/\/escolanauticabaixemporda.com\/aula-nautica\/#website"},"datePublished":"2020-01-07T23:10:32+00:00","dateModified":"2020-01-07T23:19:06+00:00","description":"Examens sobre coneixements del temes n\u00e0utics que son b\u00e0sics per a treballar a la nostra escola.","breadcrumb":{"@id":"https:\/\/escolanauticabaixemporda.com\/aula-nautica\/product\/curs-coneixements-titols-nautics\/#breadcrumb"},"inLanguage":"es","potentialAction":[{"@type":"ReadAction","target":["https:\/\/escolanauticabaixemporda.com\/aula-nautica\/product\/curs-coneixements-titols-nautics\/"]}]},{"@type":"BreadcrumbList","@id":"https:\/\/escolanauticabaixemporda.com\/aula-nautica\/product\/curs-coneixements-titols-nautics\/#breadcrumb","itemListElement":[{"@type":"ListItem","position":1,"name":"Portada","item":"https:\/\/escolanauticabaixemporda.com\/aula-nautica\/"},{"@type":"ListItem","position":2,"name":"Cursos N\u00e1uticos Online","item":"https:\/\/escolanauticabaixemporda.com\/aula-nautica\/"},{"@type":"ListItem","position":3,"name":"Curs Coneixements T\u00edtols N\u00e0utics"}]},{"@type":"WebSite","@id":"https:\/\/escolanauticabaixemporda.com\/aula-nautica\/#website","url":"https:\/\/escolanauticabaixemporda.com\/aula-nautica\/","name":"Aula Nautica de l&#039;Escola N\u00e0utica Baix Empord\u00e0","description":"Cursos de N\u00e1utica de Recreo y Profesionales","potentialAction":[{"@type":"SearchAction","target":{"@type":"EntryPoint","urlTemplate":"https:\/\/escolanauticabaixemporda.com\/aula-nautica\/?s={search_term_string}"},"query-input":"required name=search_term_string"}],"inLanguage":"es"}]}},"_links":{"self":[{"href":"https:\/\/escolanauticabaixemporda.com\/aula-nautica\/wp-json\/wp\/v2\/product\/5386"}],"collection":[{"href":"https:\/\/escolanauticabaixemporda.com\/aula-nautica\/wp-json\/wp\/v2\/product"}],"about":[{"href":"https:\/\/escolanauticabaixemporda.com\/aula-nautica\/wp-json\/wp\/v2\/types\/product"}],"replies":[{"embeddable":true,"href":"https:\/\/escolanauticabaixemporda.com\/aula-nautica\/wp-json\/wp\/v2\/comments?post=5386"}],"wp:featuredmedia":[{"embeddable":true,"href":"https:\/\/escolanauticabaixemporda.com\/aula-nautica\/wp-json\/wp\/v2\/media\/33"}],"wp:attachment":[{"href":"https:\/\/escolanauticabaixemporda.com\/aula-nautica\/wp-json\/wp\/v2\/media?parent=5386"}],"wp:term":[{"taxonomy":"product_cat","embeddable":true,"href":"https:\/\/escolanauticabaixemporda.com\/aula-nautica\/wp-json\/wp\/v2\/product_cat?post=5386"},{"taxonomy":"product_tag","embeddable":true,"href":"https:\/\/escolanauticabaixemporda.com\/aula-nautica\/wp-json\/wp\/v2\/product_tag?post=5386"}],"curies":[{"name":"wp","href":"https:\/\/api.w.org\/{rel}","templated":true}]}}